{"id":2090,"date":"2024-07-26T16:12:26","date_gmt":"2024-07-26T19:12:26","guid":{"rendered":"https:\/\/frinsports.com\/?post_type=product&#038;p=2090"},"modified":"2024-07-26T17:48:26","modified_gmt":"2024-07-26T20:48:26","slug":"dc-fighters-jiu-jitsu-adulto","status":"publish","type":"product","link":"https:\/\/frinsports.com\/en\/product\/dc-fighters-jiu-jitsu-adulto\/","title":{"rendered":"DC Fighters \u2013 Adult Jiu Jitsu (inactive)"},"content":{"rendered":"<p>Center of excellence in martial arts. Let&#039;s train?<\/p>\n<p>Schedules:<\/p>\n<p>Morning: 7:00 and 8:00<\/p>\n<p>Evening: 8:00 p.m.<\/p>","protected":false},"excerpt":{"rendered":"<p>Centro de excel\u00eancia em artes marciais. Bora Treinar? Hor\u00e1rios: Manh\u00e3: 7h00 e 8h00 Noite: 20h00<\/p>","protected":false},"featured_media":1782,"template":"","meta":{"content-type":"","pmpro_default_level":"","advanced_seo_description":"","jetpack_seo_html_title":"","jetpack_seo_noindex":false,"jetpack_post_was_ever_published":false},"product_cat":[773354],"product_tag":[773355],"class_list":{"0":"post-2090","1":"product","2":"type-product","3":"status-publish","4":"has-post-thumbnail","6":"product_cat-plano","7":"product_tag-lutas","8":"pmpro-has-access","10":"first","11":"instock","12":"sold-individually","13":"purchasable","14":"product-type-subscription"},"jetpack_likes_enabled":true,"jetpack_sharing_enabled":true,"_links":{"self":[{"href":"https:\/\/frinsports.com\/en\/wp-json\/wp\/v2\/product\/2090","targetHints":{"allow":["GET"]}}],"collection":[{"href":"https:\/\/frinsports.com\/en\/wp-json\/wp\/v2\/product"}],"about":[{"href":"https:\/\/frinsports.com\/en\/wp-json\/wp\/v2\/types\/product"}],"version-history":[{"count":1,"href":"https:\/\/frinsports.com\/en\/wp-json\/wp\/v2\/product\/2090\/revisions"}],"predecessor-version":[{"id":2098,"href":"https:\/\/frinsports.com\/en\/wp-json\/wp\/v2\/product\/2090\/revisions\/2098"}],"wp:featuredmedia":[{"embeddable":true,"href":"https:\/\/frinsports.com\/en\/wp-json\/wp\/v2\/media\/1782"}],"wp:attachment":[{"href":"https:\/\/frinsports.com\/en\/wp-json\/wp\/v2\/media?parent=2090"}],"wp:term":[{"taxonomy":"product_cat","embeddable":true,"href":"https:\/\/frinsports.com\/en\/wp-json\/wp\/v2\/product_cat?post=2090"},{"taxonomy":"product_tag","embeddable":true,"href":"https:\/\/frinsports.com\/en\/wp-json\/wp\/v2\/product_tag?post=2090"}],"curies":[{"name":"wp","href":"https:\/\/api.w.org\/{rel}","templated":true}]}}