{"id":9,"date":"2022-01-27T12:18:07","date_gmt":"2022-01-27T15:18:07","guid":{"rendered":"https:\/\/frinsports.com\/pagina-inicial\/"},"modified":"2022-01-27T12:18:07","modified_gmt":"2022-01-27T15:18:07","slug":"pagina-inicial","status":"publish","type":"page","link":"https:\/\/frinsports.com\/pt\/pagina-inicial\/","title":{"rendered":"P\u00e1gina inicial"},"content":{"rendered":"\n<div class=\"wp-block-cover alignfull has-background-dim-40 has-primary-background-color has-background-dim\" style=\"background-image:url('https:\/\/heverdemo.files.wordpress.com\/2019\/08\/autumn-mood-forest-cold-dawn-397096-1.jpg');background-position:50% 77%;\"><div class=\"wp-block-cover__inner-container is-layout-flow wp-block-cover-is-layout-flow\">\n<h1 class=\"wp-block-heading\">Hever Travel<\/h1>\n\n\n\n<p>Este \u00e9 um bloco de capa, com um t\u00edtulo, um par\u00e1grafo e um bloco de bot\u00e3o. <\/p>\n\n\n\n<div class=\"wp-block-button\"><a class=\"wp-block-button__link has-text-color has-foreground-color has-background has-secondary-background-color\">Viajar<\/a><\/div>\n<\/div><\/div>\n\n\n\n<div class=\"wp-block-group alignfull has-background-light-background-color has-background\"><div class=\"wp-block-group__inner-container is-layout-flow wp-block-group-is-layout-flow\">\n<div style=\"height:64px;\" aria-hidden=\"true\" class=\"wp-block-spacer\"><\/div>\n\n\n\n<div class=\"wp-block-columns alignwide is-layout-flex wp-container-core-columns-is-layout-9d6595d7 wp-block-columns-is-layout-flex\">\n<div class=\"wp-block-column is-layout-flow wp-block-column-is-layout-flow\">\n<figure class=\"wp-block-image size-large\"><img decoding=\"async\" src=\"https:\/\/heverdemo.files.wordpress.com\/2019\/08\/jared-rice-d4mc9bnscse-unsplash.jpg?w=750\" alt=\"Oceano e areia\" class=\"wp-image-335\" \/><\/figure>\n\n\n\n<h4 class=\"wp-block-heading\">Explorar<\/h4>\n\n\n\n<p>Este \u00e9 um grupo de blocos em colunas. Layouts de colunas s\u00e3o adapt\u00e1veis a v\u00e1rias necessidades.<\/p>\n<\/div>\n\n\n\n<div class=\"wp-block-column is-layout-flow wp-block-column-is-layout-flow\">\n<figure class=\"wp-block-image size-large\"><img decoding=\"async\" src=\"https:\/\/heverdemo.files.wordpress.com\/2019\/08\/michael-olsen-gs1mjmk2ixc-unsplash.jpg?w=750\" alt=\"Areia e oceano\" class=\"wp-image-336\" \/><\/figure>\n\n\n\n<h4 class=\"wp-block-heading\">Descobrir<\/h4>\n\n\n\n<p>Este \u00e9 um grupo de blocos em colunas. Layouts de colunas s\u00e3o adapt\u00e1veis a v\u00e1rias necessidades.<\/p>\n<\/div>\n\n\n\n<div class=\"wp-block-column is-layout-flow wp-block-column-is-layout-flow\">\n<figure class=\"wp-block-image size-large\"><img decoding=\"async\" src=\"https:\/\/heverdemo.files.wordpress.com\/2019\/08\/lachlan-dempsey-0l5qtld0ypc-unsplash.jpg?w=750\" alt=\"\u00c1gua clara na praia\" class=\"wp-image-337\" \/><\/figure>\n\n\n\n<h4 class=\"wp-block-heading\">Experimentar<\/h4>\n\n\n\n<p>Este \u00e9 um grupo de blocos em colunas. Layouts de colunas s\u00e3o adapt\u00e1veis a v\u00e1rias necessidades.<\/p>\n<\/div>\n<\/div>\n\n\n\n<div style=\"height:64px;\" aria-hidden=\"true\" class=\"wp-block-spacer desktop-only\"><\/div>\n<\/div><\/div>\n\n\n\n<div class=\"wp-block-group alignfull\"><div class=\"wp-block-group__inner-container is-layout-flow wp-block-group-is-layout-flow\">\n<div style=\"height:80px;\" aria-hidden=\"true\" class=\"wp-block-spacer desktop-only\"><\/div>\n\n\n\n<div class=\"wp-block-columns alignwide is-layout-flex wp-container-core-columns-is-layout-9d6595d7 wp-block-columns-is-layout-flex\">\n<div class=\"wp-block-column is-layout-flow wp-block-column-is-layout-flow\" style=\"flex-basis:67%;\">\n<figure class=\"wp-block-pullquote\"><blockquote><p>Nem todos os que vagueiam est\u00e3o perdidos.<\/p><cite>J. R. R. TOLKIEN<\/cite><\/blockquote><\/figure>\n<\/div>\n\n\n\n<div class=\"wp-block-column is-vertically-aligned-center is-layout-flow wp-block-column-is-layout-flow\" style=\"flex-basis:33%;\">\n<p>Adicione ou remova colunas e ajuste as dimens\u00f5es delas.<\/p>\n\n\n\n<p>Esta coluna cont\u00e9m dois blocos de par\u00e1grafo. A coluna adjacente cont\u00e9m um bloco de cita\u00e7\u00e3o destacada.<\/p>\n<\/div>\n<\/div>\n\n\n\n<div style=\"height:80px;\" aria-hidden=\"true\" class=\"wp-block-spacer desktop-only\"><\/div>\n<\/div><\/div>\n\n\n\n<div class=\"wp-block-group alignfull has-foreground-background-color has-background\"><div class=\"wp-block-group__inner-container is-layout-flow wp-block-group-is-layout-flow\">\n<div style=\"height:64px;\" aria-hidden=\"true\" class=\"wp-block-spacer\"><\/div>\n\n\n\n<div class=\"wp-block-columns alignwide is-layout-flex wp-container-core-columns-is-layout-9d6595d7 wp-block-columns-is-layout-flex\">\n<div class=\"wp-block-column is-layout-flow wp-block-column-is-layout-flow\">\n<h4 class=\"wp-block-heading\">Sobre n\u00f3s<\/h4>\n\n\n\n<p>Os visitantes querem saber quem est\u00e1 do outro lado da p\u00e1gina. Use esse espa\u00e7o para escrever sobre o seu neg\u00f3cio.<\/p>\n\n\n\n<p class=\"has-text-color has-text-align-left has-secondary-color\"><a href=\"https:\/\/heverdemo.wordpress.com\/about\/\">Mais sobre n\u00f3s<\/a><\/p>\n<\/div>\n\n\n\n<div class=\"wp-block-column is-layout-flow wp-block-column-is-layout-flow\">\n<h4 class=\"wp-block-heading\">Fale conosco<\/h4>\n\n\n\n<ul class=\"wp-block-list\"><li>email@exemplo.com<\/li><li>(55) 5555 1234<\/li><\/ul>\n\n\n\n<p class=\"has-text-color has-text-align-left has-secondary-color\"><a href=\"https:\/\/heverdemo.wordpress.com\/contact\/\">Outros meios de contato<\/a><\/p>\n<\/div>\n\n\n\n<div class=\"wp-block-column is-layout-flow wp-block-column-is-layout-flow\">\n<h4 class=\"wp-block-heading\">Fa\u00e7a uma visita<\/h4>\n\n\n\n<p>Rua Exemplo, 1, <br>Cidade, 10100-000<br>Brasil<\/p>\n\n\n\n<p class=\"has-text-color has-secondary-color\"><a href=\"https:\/\/heverdemo.wordpress.com\/contact\/\">Mapas e dire\u00e7\u00f5es<\/a><\/p>\n<\/div>\n<\/div>\n\n\n\n<div style=\"height:64px;\" aria-hidden=\"true\" class=\"wp-block-spacer desktop-only\"><\/div>\n<\/div><\/div>\n","protected":false},"excerpt":{"rendered":"<p>Explorar Este \u00e9 um grupo de blocos em colunas. Layouts de colunas s\u00e3o adapt\u00e1veis a v\u00e1rias necessidades. Descobrir Este \u00e9 um grupo de blocos em&hellip;<\/p>\n","protected":false},"author":216528720,"featured_media":0,"parent":0,"menu_order":1,"comment_status":"closed","ping_status":"closed","template":"","meta":{"content-type":"","pmpro_default_level":"","advanced_seo_description":"","jetpack_seo_html_title":"","jetpack_seo_noindex":false,"jetpack_post_was_ever_published":false,"footnotes":""},"class_list":["post-9","page","type-page","status-publish","hentry","pmpro-has-access"],"jetpack_likes_enabled":null,"jetpack_sharing_enabled":false,"jetpack_shortlink":"https:\/\/wp.me\/Pg88lx-9","_links":{"self":[{"href":"https:\/\/frinsports.com\/pt\/wp-json\/wp\/v2\/pages\/9","targetHints":{"allow":["GET"]}}],"collection":[{"href":"https:\/\/frinsports.com\/pt\/wp-json\/wp\/v2\/pages"}],"about":[{"href":"https:\/\/frinsports.com\/pt\/wp-json\/wp\/v2\/types\/page"}],"author":[{"embeddable":true,"href":"https:\/\/frinsports.com\/pt\/wp-json\/wp\/v2\/users\/216528720"}],"replies":[{"embeddable":true,"href":"https:\/\/frinsports.com\/pt\/wp-json\/wp\/v2\/comments?post=9"}],"version-history":[{"count":0,"href":"https:\/\/frinsports.com\/pt\/wp-json\/wp\/v2\/pages\/9\/revisions"}],"wp:attachment":[{"href":"https:\/\/frinsports.com\/pt\/wp-json\/wp\/v2\/media?parent=9"}],"curies":[{"name":"wp","href":"https:\/\/api.w.org\/{rel}","templated":true}]}}